{"id":2568,"date":"2022-04-06T16:18:39","date_gmt":"2022-04-06T14:18:39","guid":{"rendered":"https:\/\/nyhemsgarden.se\/links\/"},"modified":"2025-09-08T18:50:07","modified_gmt":"2025-09-08T16:50:07","slug":"links","status":"publish","type":"page","link":"https:\/\/nyhemsgarden.se\/de\/links\/","title":{"rendered":"Links"},"content":{"rendered":"<div class=\"fusion-fullwidth fullwidth-box fusion-builder-row-1 fusion-flex-container nonhundred-percent-fullwidth non-hundred-percent-height-scrolling\" style=\"--awb-background-position:left top;--awb-border-sizes-top:0px;--awb-border-sizes-bottom:0px;--awb-border-sizes-left:0px;--awb-border-sizes-right:0px;--awb-border-radius-top-left:0px;--awb-border-radius-top-right:0px;--awb-border-radius-bottom-right:0px;--awb-border-radius-bottom-left:0px;--awb-padding-bottom:30px;--awb-padding-bottom-medium:0px;--awb-margin-top:58px;--awb-margin-bottom:30px;--awb-margin-bottom-medium:30px;--awb-flex-wrap:wrap;\" ><div class=\"fusion-builder-row fusion-row fusion-flex-align-items-center fusion-flex-justify-content-center fusion-flex-content-wrap\" style=\"max-width:1216.8px;margin-left: calc(-4% \/ 2 );margin-right: calc(-4% \/ 2 );\"><div class=\"fusion-layout-column fusion_builder_column fusion-builder-column-0 fusion_builder_column_1_1 1_1 fusion-flex-column\" style=\"--awb-bg-blend:overlay;--awb-bg-size:cover;--awb-width-large:100%;--awb-margin-top-large:0px;--awb-spacing-right-large:1.92%;--awb-margin-bottom-large:0px;--awb-spacing-left-large:1.92%;--awb-width-medium:100%;--awb-spacing-right-medium:1.92%;--awb-spacing-left-medium:1.92%;--awb-width-small:100%;--awb-spacing-right-small:1.92%;--awb-spacing-left-small:1.92%;\"><div class=\"fusion-column-wrapper fusion-flex-justify-content-flex-start fusion-content-layout-column\"><div class=\"fusion-text fusion-text-1\" style=\"--awb-text-transform:none;\"><h2>Tipps zu lokalen Unternehmen.<\/h2>\n<\/div><div class=\"fusion-text fusion-text-2\" style=\"--awb-text-transform:none;\"><h4 class=\"\" style=\"--fontsize: 20; line-height: 1.5; --minfontsize: 20;\" data-fontsize=\"20\" data-lineheight=\"30px\">Drei-G\u00e4nge-Men\u00fc, Sm\u00f6rg\u00e5st\u00e5rta, Buffet oder frisch gebackene Br\u00f6tchen \u2013 rund um Nyhemsg\u00e5rden gibt es mehrere lokale Unternehmen, bei denen Sie Speisen und Geb\u00e4ck nach Wunsch bestellen k\u00f6nnen.<\/h4>\n<\/p>\n<h4 class=\"\" style=\"--fontsize: 20; line-height: 1.5; --minfontsize: 20;\" data-fontsize=\"20\" data-lineheight=\"30px\">Wenn Sie die Umgebung erkunden m\u00f6chten, empfehlen wir einen Besuch auf der Tourismus-Website der Gemeinde Mullsj\u00f6, wo Sie zahlreiche Vorschl\u00e4ge f\u00fcr Aktivit\u00e4ten finden.<\/h4>\n<\/p>\n<h4 class=\"\" style=\"--fontsize: 20; line-height: 1.5; --minfontsize: 20;\" data-fontsize=\"20\" data-lineheight=\"30px\">Hier ein paar n\u00fctzliche Links:<\/h4>\n<\/p>\n<ul>\n<li><a href=\"https:\/\/hotellmullsjo.se\" target=\"_blank\" rel=\"noopener\"><u>Mullsj\u00f6 Hotel &amp; Konferenz<\/u><\/a><\/li>\n<li><a href=\"https:\/\/hotellbjorkhaga.se\" target=\"_blank\" rel=\"noopener\"><u>Bj\u00f6rkhaga Hotel &amp; Konferenz<\/u><\/a><\/li>\n<li><a href=\"https:\/\/www.mullsjo.se\" target=\"_blank\" rel=\"noopener\"><u>Gemeinde Mullsj\u00f6<\/u><\/a><\/li>\n<li><a href=\"http:\/\/www.llagat.se\" target=\"_blank\" rel=\"noopener\"><u>Restaurant und Caf\u00e9 Holmenstugan<\/u><\/a><\/li>\n<li><a href=\"https:\/\/www.mullsjo.se\/upptack-mullsjo\/at-gott\/carinas-bakeri\" target=\"_blank\" rel=\"noopener\"><u>Carinas B\u00e4ckerei<\/u><\/a><\/li>\n<li><a href=\"https:\/\/landhs.se\" target=\"_blank\" rel=\"noopener\"><u>Landhs Konditorei<\/u><\/a><\/li>\n<li><a href=\"https:\/\/kallarbageriet.se\" target=\"_blank\" rel=\"noopener\"><u>K\u00e4llarbageriet B\u00e4ckerei<\/u><\/a><\/li>\n<\/ul>\n<\/div><\/div><\/div><\/div><\/div>\n","protected":false},"excerpt":{"rendered":"","protected":false},"author":1,"featured_media":2561,"parent":0,"menu_order":0,"comment_status":"closed","ping_status":"closed","template":"100-width.php","meta":{"_acf_changed":false,"_exactmetrics_skip_tracking":false,"_exactmetrics_sitenote_active":false,"_exactmetrics_sitenote_note":"","_exactmetrics_sitenote_category":0,"footnotes":""},"class_list":["post-2568","page","type-page","status-publish","has-post-thumbnail","hentry"],"acf":[],"yoast_head":"<!-- This site is optimized with the Yoast SEO plugin v27.5 - https:\/\/yoast.com\/product\/yoast-seo-wordpress\/ -->\n<title>Links - Nyhemsg\u00e5rden<\/title>\n<meta name=\"robots\" content=\"index, follow, max-snippet:-1, max-image-preview:large, max-video-preview:-1\" \/>\n<link rel=\"canonical\" href=\"https:\/\/nyhemsgarden.se\/de\/links\/\" \/>\n<meta property=\"og:locale\" content=\"de_DE\" \/>\n<meta property=\"og:type\" content=\"article\" \/>\n<meta property=\"og:title\" content=\"Links - Nyhemsg\u00e5rden\" \/>\n<meta property=\"og:url\" content=\"https:\/\/nyhemsgarden.se\/de\/links\/\" \/>\n<meta property=\"og:site_name\" content=\"Nyhemsg\u00e5rden\" \/>\n<meta property=\"article:modified_time\" content=\"2025-09-08T16:50:07+00:00\" \/>\n<meta property=\"og:image\" content=\"https:\/\/nyhemsgarden.se\/wp-content\/uploads\/2022\/02\/lunch-ute-scaled.jpg\" \/>\n\t<meta property=\"og:image:width\" content=\"2560\" \/>\n\t<meta property=\"og:image:height\" content=\"1440\" \/>\n\t<meta property=\"og:image:type\" content=\"image\/jpeg\" \/>\n<meta name=\"twitter:card\" content=\"summary_large_image\" \/>\n<meta name=\"twitter:label1\" content=\"Gesch\u00e4tzte Lesezeit\" \/>\n\t<meta name=\"twitter:data1\" content=\"2\u00a0Minuten\" \/>\n<script type=\"application\/ld+json\" class=\"yoast-schema-graph\">{\"@context\":\"https:\\\/\\\/schema.org\",\"@graph\":[{\"@type\":\"WebPage\",\"@id\":\"https:\\\/\\\/nyhemsgarden.se\\\/de\\\/links\\\/\",\"url\":\"https:\\\/\\\/nyhemsgarden.se\\\/de\\\/links\\\/\",\"name\":\"Links - Nyhemsg\u00e5rden\",\"isPartOf\":{\"@id\":\"https:\\\/\\\/nyhemsgarden.se\\\/de\\\/#website\"},\"primaryImageOfPage\":{\"@id\":\"https:\\\/\\\/nyhemsgarden.se\\\/de\\\/links\\\/#primaryimage\"},\"image\":{\"@id\":\"https:\\\/\\\/nyhemsgarden.se\\\/de\\\/links\\\/#primaryimage\"},\"thumbnailUrl\":\"https:\\\/\\\/nyhemsgarden.se\\\/wp-content\\\/uploads\\\/2022\\\/02\\\/lunch-ute-scaled.jpg\",\"datePublished\":\"2022-04-06T14:18:39+00:00\",\"dateModified\":\"2025-09-08T16:50:07+00:00\",\"breadcrumb\":{\"@id\":\"https:\\\/\\\/nyhemsgarden.se\\\/de\\\/links\\\/#breadcrumb\"},\"inLanguage\":\"de\",\"potentialAction\":[{\"@type\":\"ReadAction\",\"target\":[\"https:\\\/\\\/nyhemsgarden.se\\\/de\\\/links\\\/\"]}]},{\"@type\":\"ImageObject\",\"inLanguage\":\"de\",\"@id\":\"https:\\\/\\\/nyhemsgarden.se\\\/de\\\/links\\\/#primaryimage\",\"url\":\"https:\\\/\\\/nyhemsgarden.se\\\/wp-content\\\/uploads\\\/2022\\\/02\\\/lunch-ute-scaled.jpg\",\"contentUrl\":\"https:\\\/\\\/nyhemsgarden.se\\\/wp-content\\\/uploads\\\/2022\\\/02\\\/lunch-ute-scaled.jpg\",\"width\":2560,\"height\":1440},{\"@type\":\"BreadcrumbList\",\"@id\":\"https:\\\/\\\/nyhemsgarden.se\\\/de\\\/links\\\/#breadcrumb\",\"itemListElement\":[{\"@type\":\"ListItem\",\"position\":1,\"name\":\"Home\",\"item\":\"https:\\\/\\\/nyhemsgarden.se\\\/de\\\/\"},{\"@type\":\"ListItem\",\"position\":2,\"name\":\"Links\"}]},{\"@type\":\"WebSite\",\"@id\":\"https:\\\/\\\/nyhemsgarden.se\\\/de\\\/#website\",\"url\":\"https:\\\/\\\/nyhemsgarden.se\\\/de\\\/\",\"name\":\"Nyhemsg\u00e5rden\",\"description\":\"H\u00e4r v\u00e4xer vi tillsammans!\",\"publisher\":{\"@id\":\"https:\\\/\\\/nyhemsgarden.se\\\/de\\\/#organization\"},\"potentialAction\":[{\"@type\":\"SearchAction\",\"target\":{\"@type\":\"EntryPoint\",\"urlTemplate\":\"https:\\\/\\\/nyhemsgarden.se\\\/de\\\/?s={search_term_string}\"},\"query-input\":{\"@type\":\"PropertyValueSpecification\",\"valueRequired\":true,\"valueName\":\"search_term_string\"}}],\"inLanguage\":\"de\"},{\"@type\":\"Organization\",\"@id\":\"https:\\\/\\\/nyhemsgarden.se\\\/de\\\/#organization\",\"name\":\"Nyhemsg\u00e5rden\",\"url\":\"https:\\\/\\\/nyhemsgarden.se\\\/de\\\/\",\"logo\":{\"@type\":\"ImageObject\",\"inLanguage\":\"de\",\"@id\":\"https:\\\/\\\/nyhemsgarden.se\\\/de\\\/#\\\/schema\\\/logo\\\/image\\\/\",\"url\":\"https:\\\/\\\/nyhemsgarden.se\\\/wp-content\\\/uploads\\\/2019\\\/06\\\/Nyhemsgarden_logo_svart_2x.png\",\"contentUrl\":\"https:\\\/\\\/nyhemsgarden.se\\\/wp-content\\\/uploads\\\/2019\\\/06\\\/Nyhemsgarden_logo_svart_2x.png\",\"width\":188,\"height\":120,\"caption\":\"Nyhemsg\u00e5rden\"},\"image\":{\"@id\":\"https:\\\/\\\/nyhemsgarden.se\\\/de\\\/#\\\/schema\\\/logo\\\/image\\\/\"}}]}<\/script>\n<!-- \/ Yoast SEO plugin. -->","yoast_head_json":{"title":"Links - Nyhemsg\u00e5rden","robots":{"index":"index","follow":"follow","max-snippet":"max-snippet:-1","max-image-preview":"max-image-preview:large","max-video-preview":"max-video-preview:-1"},"canonical":"https:\/\/nyhemsgarden.se\/de\/links\/","og_locale":"de_DE","og_type":"article","og_title":"Links - Nyhemsg\u00e5rden","og_url":"https:\/\/nyhemsgarden.se\/de\/links\/","og_site_name":"Nyhemsg\u00e5rden","article_modified_time":"2025-09-08T16:50:07+00:00","og_image":[{"width":2560,"height":1440,"url":"https:\/\/nyhemsgarden.se\/wp-content\/uploads\/2022\/02\/lunch-ute-scaled.jpg","type":"image\/jpeg"}],"twitter_card":"summary_large_image","twitter_misc":{"Gesch\u00e4tzte Lesezeit":"2\u00a0Minuten"},"schema":{"@context":"https:\/\/schema.org","@graph":[{"@type":"WebPage","@id":"https:\/\/nyhemsgarden.se\/de\/links\/","url":"https:\/\/nyhemsgarden.se\/de\/links\/","name":"Links - Nyhemsg\u00e5rden","isPartOf":{"@id":"https:\/\/nyhemsgarden.se\/de\/#website"},"primaryImageOfPage":{"@id":"https:\/\/nyhemsgarden.se\/de\/links\/#primaryimage"},"image":{"@id":"https:\/\/nyhemsgarden.se\/de\/links\/#primaryimage"},"thumbnailUrl":"https:\/\/nyhemsgarden.se\/wp-content\/uploads\/2022\/02\/lunch-ute-scaled.jpg","datePublished":"2022-04-06T14:18:39+00:00","dateModified":"2025-09-08T16:50:07+00:00","breadcrumb":{"@id":"https:\/\/nyhemsgarden.se\/de\/links\/#breadcrumb"},"inLanguage":"de","potentialAction":[{"@type":"ReadAction","target":["https:\/\/nyhemsgarden.se\/de\/links\/"]}]},{"@type":"ImageObject","inLanguage":"de","@id":"https:\/\/nyhemsgarden.se\/de\/links\/#primaryimage","url":"https:\/\/nyhemsgarden.se\/wp-content\/uploads\/2022\/02\/lunch-ute-scaled.jpg","contentUrl":"https:\/\/nyhemsgarden.se\/wp-content\/uploads\/2022\/02\/lunch-ute-scaled.jpg","width":2560,"height":1440},{"@type":"BreadcrumbList","@id":"https:\/\/nyhemsgarden.se\/de\/links\/#breadcrumb","itemListElement":[{"@type":"ListItem","position":1,"name":"Home","item":"https:\/\/nyhemsgarden.se\/de\/"},{"@type":"ListItem","position":2,"name":"Links"}]},{"@type":"WebSite","@id":"https:\/\/nyhemsgarden.se\/de\/#website","url":"https:\/\/nyhemsgarden.se\/de\/","name":"Nyhemsg\u00e5rden","description":"H\u00e4r v\u00e4xer vi tillsammans!","publisher":{"@id":"https:\/\/nyhemsgarden.se\/de\/#organization"},"potentialAction":[{"@type":"SearchAction","target":{"@type":"EntryPoint","urlTemplate":"https:\/\/nyhemsgarden.se\/de\/?s={search_term_string}"},"query-input":{"@type":"PropertyValueSpecification","valueRequired":true,"valueName":"search_term_string"}}],"inLanguage":"de"},{"@type":"Organization","@id":"https:\/\/nyhemsgarden.se\/de\/#organization","name":"Nyhemsg\u00e5rden","url":"https:\/\/nyhemsgarden.se\/de\/","logo":{"@type":"ImageObject","inLanguage":"de","@id":"https:\/\/nyhemsgarden.se\/de\/#\/schema\/logo\/image\/","url":"https:\/\/nyhemsgarden.se\/wp-content\/uploads\/2019\/06\/Nyhemsgarden_logo_svart_2x.png","contentUrl":"https:\/\/nyhemsgarden.se\/wp-content\/uploads\/2019\/06\/Nyhemsgarden_logo_svart_2x.png","width":188,"height":120,"caption":"Nyhemsg\u00e5rden"},"image":{"@id":"https:\/\/nyhemsgarden.se\/de\/#\/schema\/logo\/image\/"}}]}},"_links":{"self":[{"href":"https:\/\/nyhemsgarden.se\/de\/wp-json\/wp\/v2\/pages\/2568","targetHints":{"allow":["GET"]}}],"collection":[{"href":"https:\/\/nyhemsgarden.se\/de\/wp-json\/wp\/v2\/pages"}],"about":[{"href":"https:\/\/nyhemsgarden.se\/de\/wp-json\/wp\/v2\/types\/page"}],"author":[{"embeddable":true,"href":"https:\/\/nyhemsgarden.se\/de\/wp-json\/wp\/v2\/users\/1"}],"replies":[{"embeddable":true,"href":"https:\/\/nyhemsgarden.se\/de\/wp-json\/wp\/v2\/comments?post=2568"}],"version-history":[{"count":2,"href":"https:\/\/nyhemsgarden.se\/de\/wp-json\/wp\/v2\/pages\/2568\/revisions"}],"predecessor-version":[{"id":2570,"href":"https:\/\/nyhemsgarden.se\/de\/wp-json\/wp\/v2\/pages\/2568\/revisions\/2570"}],"wp:featuredmedia":[{"embeddable":true,"href":"https:\/\/nyhemsgarden.se\/de\/wp-json\/wp\/v2\/media\/2561"}],"wp:attachment":[{"href":"https:\/\/nyhemsgarden.se\/de\/wp-json\/wp\/v2\/media?parent=2568"}],"curies":[{"name":"wp","href":"https:\/\/api.w.org\/{rel}","templated":true}]}}