{"id":2518,"date":"2019-06-12T18:39:34","date_gmt":"2019-06-12T16:39:34","guid":{"rendered":"https:\/\/nyhemsgarden.se\/anfahrt\/"},"modified":"2025-09-08T18:13:42","modified_gmt":"2025-09-08T16:13:42","slug":"anfahrt","status":"publish","type":"page","link":"https:\/\/nyhemsgarden.se\/de\/anfahrt\/","title":{"rendered":"Anfahrt"},"content":{"rendered":"<div class=\"fusion-fullwidth fullwidth-box fusion-builder-row-1 fusion-flex-container hundred-percent-fullwidth non-hundred-percent-height-scrolling\" style=\"--awb-background-position:left top;--awb-border-radius-top-left:0px;--awb-border-radius-top-right:0px;--awb-border-radius-bottom-right:0px;--awb-border-radius-bottom-left:0px;--awb-padding-top:90px;--awb-padding-right:0px;--awb-padding-bottom:0px;--awb-padding-left:0px;--awb-border-sizes-top:0px;--awb-border-sizes-bottom:0px;--awb-flex-wrap:wrap;\" ><div class=\"fusion-builder-row fusion-row fusion-flex-align-items-stretch fusion-flex-content-wrap\" style=\"width:104% !important;max-width:104% !important;margin-left: calc(-4% \/ 2 );margin-right: calc(-4% \/ 2 );\"><div class=\"fusion-layout-column fusion_builder_column fusion-builder-column-0 fusion_builder_column_1_2 1_2 fusion-flex-column\" style=\"--awb-bg-size:cover;--awb-width-large:50%;--awb-margin-top-large:0px;--awb-spacing-right-large:3.84%;--awb-margin-bottom-large:20px;--awb-spacing-left-large:3.84%;--awb-width-medium:100%;--awb-spacing-right-medium:1.92%;--awb-spacing-left-medium:1.92%;--awb-width-small:100%;--awb-spacing-right-small:1.92%;--awb-spacing-left-small:1.92%;\"><div class=\"fusion-column-wrapper fusion-column-has-shadow fusion-flex-justify-content-flex-start fusion-content-layout-column\">\t\t\t\t\t<script type=\"text\/javascript\">\n\t\t\t\t\t\tvar map_fusion_map_69f5edbfc2f4d;\n\t\t\t\t\t\tvar markers = [];\n\t\t\t\t\t\tvar counter = 0;\n\t\t\t\t\t\t\t\t\t\t\t\t\t\t\t\t\t\t\t\tvar fusionMapNonce = 'ca6ca121a9';\n\t\t\t\t\t\t\t\t\t\t\t\tfunction fusion_run_map_fusion_map_69f5edbfc2f4d() {\n\t\t\t\t\t\t\tjQuery ('#fusion_map_69f5edbfc2f4d' ).fusion_maps( {\n\t\t\t\t\t\t\t\taddresses: [{\"address\":\"57.893845, 13.844475\",\"infobox_content\":\"\",\"coordinates\":true,\"latitude\":\"57.893845\",\"longitude\":\" 13.844475\",\"cache\":true,\"geocoded_address\":\"57.893845, 13.844475\"}],\n\t\t\t\t\t\t\t\tanimations: false,\n\t\t\t\t\t\t\t\tinfobox_background_color: '',\n\t\t\t\t\t\t\t\tinfobox_styling: 'default',\n\t\t\t\t\t\t\t\tinfobox_text_color: '',\n\t\t\t\t\t\t\t\tmap_style: 'default',\n\t\t\t\t\t\t\t\tmap_type: 'roadmap',\n\t\t\t\t\t\t\t\tmarker_icon: '',\n\t\t\t\t\t\t\t\toverlay_color: '',\n\t\t\t\t\t\t\t\toverlay_color_hsl: {\"hue\":0,\"sat\":0,\"lum\":100},\n\t\t\t\t\t\t\t\tshow_address: true,\n\t\t\t\t\t\t\t\tscale_control: true,\n\t\t\t\t\t\t\t\tscrollwheel: true,\n\t\t\t\t\t\t\t\tzoom: 14,\n\t\t\t\t\t\t\t\tzoom_control: true,\n\t\t\t\t\t\t\t} );\n\t\t\t\t\t\t}\n\n\t\t\t\t\t\tgoogle.maps.event.addDomListener(window, 'load', fusion_run_map_fusion_map_69f5edbfc2f4d);\n\t\t\t\t\t<\/script>\n\t\t\t\t\t<div class=\"shortcode-map fusion-google-map fusion-maps-js-type\" id=\"fusion_map_69f5edbfc2f4d\"><\/div><\/div><\/div><div class=\"fusion-layout-column fusion_builder_column fusion-builder-column-1 fusion_builder_column_1_2 1_2 fusion-flex-column\" style=\"--awb-bg-size:cover;--awb-width-large:50%;--awb-margin-top-large:0px;--awb-spacing-right-large:3.84%;--awb-margin-bottom-large:20px;--awb-spacing-left-large:3.84%;--awb-width-medium:100%;--awb-spacing-right-medium:1.92%;--awb-spacing-left-medium:1.92%;--awb-width-small:100%;--awb-spacing-right-small:1.92%;--awb-spacing-left-small:1.92%;\"><div class=\"fusion-column-wrapper fusion-column-has-shadow fusion-flex-justify-content-flex-start fusion-content-layout-column\"><div class=\"fusion-text fusion-text-1\"><p>Nyhemsg\u00e5rden liegt etwas au\u00dferhalb von Mullsj\u00f6, westlich des V\u00e4tternsees.<br \/>Hier finden Sie einige einfache Tipps zur Orientierung. Bei Fragen kontaktieren Sie uns gerne.<\/p>\n<p><strong>Mit dem Auto:<\/strong><br \/>Von J\u00f6nk\u00f6ping kommend, nehmen Sie die Nationalstra\u00dfe 26 (47) Richtung Falk\u00f6ping. Am Kreisverkehr in Mullsj\u00f6 biegen Sie links ab und fahren einige Kilometer, bis Sie Nyhem auf beiden Seiten der Stra\u00dfe sehen. Parkpl\u00e4tze sind ausgeschildert und weisen eine Einfahrt auf der rechten Stra\u00dfenseite auf.<\/p>\n<p>Von Falk\u00f6ping kommend, nehmen Sie die Nationalstra\u00dfe 26 (47) Richtung J\u00f6nk\u00f6ping. Am Kreisverkehr in Mullsj\u00f6 biegen Sie rechts ab und fahren einige Kilometer, bis Sie Nyhem auf beiden Seiten der Stra\u00dfe sehen. Parkpl\u00e4tze sind ausgeschildert und weisen eine Einfahrt auf der rechten Stra\u00dfenseite auf.<\/p>\n<p>Von G\u00f6teborg kommend, biegen Sie links auf die Stra\u00dfe 185 Richtung Mullsj\u00f6 ab. Fahren Sie ein gutes St\u00fcck auf dieser Stra\u00dfe, bis Sie Nyhem erreichen. Der Parkplatz ist ausgeschildert und hat eine Einfahrt auf der linken Stra\u00dfenseite.<\/p>\n<p><strong>GPS-Koordinaten:<\/strong><br \/>Wenn Sie ein GPS verwenden, k\u00f6nnen Sie die folgenden Koordinaten eingeben:<br \/>Breitengrad: N57\u00b0 53\u2032 45,60\u2033<br \/>L\u00e4ngengrad: O 13\u00b0 49\u2032 4,80\u2033<\/p>\n<p><strong>Mit Bahn\/Bus:<\/strong><br \/>Zwischen Sk\u00f6vde\/Falk\u00f6ping und J\u00f6nk\u00f6ping\/N\u00e4ssj\u00f6 verkehren Nahverkehrsz\u00fcge. Steigen Sie am Bahnhof Mullsj\u00f6 aus. Von dort k\u00f6nnen Sie ein Taxi oder ein anderes Auto nach Nyhem nehmen.<br \/>Sie erreichen Taxi Mullsj\u00f6 unter der Telefonnummer +46 705 28 28 58.<\/p>\n<\/div><\/div><\/div><\/div><\/div>\n","protected":false},"excerpt":{"rendered":"","protected":false},"author":2,"featured_media":0,"parent":0,"menu_order":0,"comment_status":"closed","ping_status":"open","template":"100-width.php","meta":{"_acf_changed":false,"_exactmetrics_skip_tracking":false,"_exactmetrics_sitenote_active":false,"_exactmetrics_sitenote_note":"","_exactmetrics_sitenote_category":0,"footnotes":""},"class_list":["post-2518","page","type-page","status-publish","hentry"],"acf":[],"yoast_head":"<!-- This site is optimized with the Yoast SEO plugin v27.5 - https:\/\/yoast.com\/product\/yoast-seo-wordpress\/ -->\n<title>Anfahrt - Nyhemsg\u00e5rden<\/title>\n<meta name=\"robots\" content=\"index, follow, max-snippet:-1, max-image-preview:large, max-video-preview:-1\" \/>\n<link rel=\"canonical\" href=\"https:\/\/nyhemsgarden.se\/de\/anfahrt\/\" \/>\n<meta property=\"og:locale\" content=\"de_DE\" \/>\n<meta property=\"og:type\" content=\"article\" \/>\n<meta property=\"og:title\" content=\"Anfahrt - Nyhemsg\u00e5rden\" \/>\n<meta property=\"og:url\" content=\"https:\/\/nyhemsgarden.se\/de\/anfahrt\/\" \/>\n<meta property=\"og:site_name\" content=\"Nyhemsg\u00e5rden\" \/>\n<meta property=\"article:modified_time\" content=\"2025-09-08T16:13:42+00:00\" \/>\n<meta name=\"twitter:card\" content=\"summary_large_image\" \/>\n<meta name=\"twitter:label1\" content=\"Gesch\u00e4tzte Lesezeit\" \/>\n\t<meta name=\"twitter:data1\" content=\"3\u00a0Minuten\" \/>\n<script type=\"application\/ld+json\" class=\"yoast-schema-graph\">{\"@context\":\"https:\\\/\\\/schema.org\",\"@graph\":[{\"@type\":\"WebPage\",\"@id\":\"https:\\\/\\\/nyhemsgarden.se\\\/de\\\/anfahrt\\\/\",\"url\":\"https:\\\/\\\/nyhemsgarden.se\\\/de\\\/anfahrt\\\/\",\"name\":\"Anfahrt - Nyhemsg\u00e5rden\",\"isPartOf\":{\"@id\":\"https:\\\/\\\/nyhemsgarden.se\\\/de\\\/#website\"},\"datePublished\":\"2019-06-12T16:39:34+00:00\",\"dateModified\":\"2025-09-08T16:13:42+00:00\",\"breadcrumb\":{\"@id\":\"https:\\\/\\\/nyhemsgarden.se\\\/de\\\/anfahrt\\\/#breadcrumb\"},\"inLanguage\":\"de\",\"potentialAction\":[{\"@type\":\"ReadAction\",\"target\":[\"https:\\\/\\\/nyhemsgarden.se\\\/de\\\/anfahrt\\\/\"]}]},{\"@type\":\"BreadcrumbList\",\"@id\":\"https:\\\/\\\/nyhemsgarden.se\\\/de\\\/anfahrt\\\/#breadcrumb\",\"itemListElement\":[{\"@type\":\"ListItem\",\"position\":1,\"name\":\"Home\",\"item\":\"https:\\\/\\\/nyhemsgarden.se\\\/de\\\/\"},{\"@type\":\"ListItem\",\"position\":2,\"name\":\"Anfahrt\"}]},{\"@type\":\"WebSite\",\"@id\":\"https:\\\/\\\/nyhemsgarden.se\\\/de\\\/#website\",\"url\":\"https:\\\/\\\/nyhemsgarden.se\\\/de\\\/\",\"name\":\"Nyhemsg\u00e5rden\",\"description\":\"H\u00e4r v\u00e4xer vi tillsammans!\",\"publisher\":{\"@id\":\"https:\\\/\\\/nyhemsgarden.se\\\/de\\\/#organization\"},\"potentialAction\":[{\"@type\":\"SearchAction\",\"target\":{\"@type\":\"EntryPoint\",\"urlTemplate\":\"https:\\\/\\\/nyhemsgarden.se\\\/de\\\/?s={search_term_string}\"},\"query-input\":{\"@type\":\"PropertyValueSpecification\",\"valueRequired\":true,\"valueName\":\"search_term_string\"}}],\"inLanguage\":\"de\"},{\"@type\":\"Organization\",\"@id\":\"https:\\\/\\\/nyhemsgarden.se\\\/de\\\/#organization\",\"name\":\"Nyhemsg\u00e5rden\",\"url\":\"https:\\\/\\\/nyhemsgarden.se\\\/de\\\/\",\"logo\":{\"@type\":\"ImageObject\",\"inLanguage\":\"de\",\"@id\":\"https:\\\/\\\/nyhemsgarden.se\\\/de\\\/#\\\/schema\\\/logo\\\/image\\\/\",\"url\":\"https:\\\/\\\/nyhemsgarden.se\\\/wp-content\\\/uploads\\\/2019\\\/06\\\/Nyhemsgarden_logo_svart_2x.png\",\"contentUrl\":\"https:\\\/\\\/nyhemsgarden.se\\\/wp-content\\\/uploads\\\/2019\\\/06\\\/Nyhemsgarden_logo_svart_2x.png\",\"width\":188,\"height\":120,\"caption\":\"Nyhemsg\u00e5rden\"},\"image\":{\"@id\":\"https:\\\/\\\/nyhemsgarden.se\\\/de\\\/#\\\/schema\\\/logo\\\/image\\\/\"}}]}<\/script>\n<!-- \/ Yoast SEO plugin. -->","yoast_head_json":{"title":"Anfahrt - Nyhemsg\u00e5rden","robots":{"index":"index","follow":"follow","max-snippet":"max-snippet:-1","max-image-preview":"max-image-preview:large","max-video-preview":"max-video-preview:-1"},"canonical":"https:\/\/nyhemsgarden.se\/de\/anfahrt\/","og_locale":"de_DE","og_type":"article","og_title":"Anfahrt - Nyhemsg\u00e5rden","og_url":"https:\/\/nyhemsgarden.se\/de\/anfahrt\/","og_site_name":"Nyhemsg\u00e5rden","article_modified_time":"2025-09-08T16:13:42+00:00","twitter_card":"summary_large_image","twitter_misc":{"Gesch\u00e4tzte Lesezeit":"3\u00a0Minuten"},"schema":{"@context":"https:\/\/schema.org","@graph":[{"@type":"WebPage","@id":"https:\/\/nyhemsgarden.se\/de\/anfahrt\/","url":"https:\/\/nyhemsgarden.se\/de\/anfahrt\/","name":"Anfahrt - Nyhemsg\u00e5rden","isPartOf":{"@id":"https:\/\/nyhemsgarden.se\/de\/#website"},"datePublished":"2019-06-12T16:39:34+00:00","dateModified":"2025-09-08T16:13:42+00:00","breadcrumb":{"@id":"https:\/\/nyhemsgarden.se\/de\/anfahrt\/#breadcrumb"},"inLanguage":"de","potentialAction":[{"@type":"ReadAction","target":["https:\/\/nyhemsgarden.se\/de\/anfahrt\/"]}]},{"@type":"BreadcrumbList","@id":"https:\/\/nyhemsgarden.se\/de\/anfahrt\/#breadcrumb","itemListElement":[{"@type":"ListItem","position":1,"name":"Home","item":"https:\/\/nyhemsgarden.se\/de\/"},{"@type":"ListItem","position":2,"name":"Anfahrt"}]},{"@type":"WebSite","@id":"https:\/\/nyhemsgarden.se\/de\/#website","url":"https:\/\/nyhemsgarden.se\/de\/","name":"Nyhemsg\u00e5rden","description":"H\u00e4r v\u00e4xer vi tillsammans!","publisher":{"@id":"https:\/\/nyhemsgarden.se\/de\/#organization"},"potentialAction":[{"@type":"SearchAction","target":{"@type":"EntryPoint","urlTemplate":"https:\/\/nyhemsgarden.se\/de\/?s={search_term_string}"},"query-input":{"@type":"PropertyValueSpecification","valueRequired":true,"valueName":"search_term_string"}}],"inLanguage":"de"},{"@type":"Organization","@id":"https:\/\/nyhemsgarden.se\/de\/#organization","name":"Nyhemsg\u00e5rden","url":"https:\/\/nyhemsgarden.se\/de\/","logo":{"@type":"ImageObject","inLanguage":"de","@id":"https:\/\/nyhemsgarden.se\/de\/#\/schema\/logo\/image\/","url":"https:\/\/nyhemsgarden.se\/wp-content\/uploads\/2019\/06\/Nyhemsgarden_logo_svart_2x.png","contentUrl":"https:\/\/nyhemsgarden.se\/wp-content\/uploads\/2019\/06\/Nyhemsgarden_logo_svart_2x.png","width":188,"height":120,"caption":"Nyhemsg\u00e5rden"},"image":{"@id":"https:\/\/nyhemsgarden.se\/de\/#\/schema\/logo\/image\/"}}]}},"_links":{"self":[{"href":"https:\/\/nyhemsgarden.se\/de\/wp-json\/wp\/v2\/pages\/2518","targetHints":{"allow":["GET"]}}],"collection":[{"href":"https:\/\/nyhemsgarden.se\/de\/wp-json\/wp\/v2\/pages"}],"about":[{"href":"https:\/\/nyhemsgarden.se\/de\/wp-json\/wp\/v2\/types\/page"}],"author":[{"embeddable":true,"href":"https:\/\/nyhemsgarden.se\/de\/wp-json\/wp\/v2\/users\/2"}],"replies":[{"embeddable":true,"href":"https:\/\/nyhemsgarden.se\/de\/wp-json\/wp\/v2\/comments?post=2518"}],"version-history":[{"count":2,"href":"https:\/\/nyhemsgarden.se\/de\/wp-json\/wp\/v2\/pages\/2518\/revisions"}],"predecessor-version":[{"id":2520,"href":"https:\/\/nyhemsgarden.se\/de\/wp-json\/wp\/v2\/pages\/2518\/revisions\/2520"}],"wp:attachment":[{"href":"https:\/\/nyhemsgarden.se\/de\/wp-json\/wp\/v2\/media?parent=2518"}],"curies":[{"name":"wp","href":"https:\/\/api.w.org\/{rel}","templated":true}]}}